{"id":2,"date":"2025-04-03T08:25:52","date_gmt":"2025-04-03T08:25:52","guid":{"rendered":"http:\/\/sv388top.vip\/?page_id=2"},"modified":"2025-04-03T08:55:24","modified_gmt":"2025-04-03T08:55:24","slug":"trang-mau","status":"publish","type":"page","link":"https:\/\/sv388top.vip\/","title":{"rendered":"Trang m\u1eabu"},"content":{"rendered":"\t<div class=\"img has-hover x md-x lg-x y md-y lg-y\" id=\"image_1112651486\">\n\t\t\t\t\t\t\t\t<div class=\"img-inner dark\" >\n\t\t\t<img loading=\"lazy\" decoding=\"async\" width=\"1400\" height=\"438\" src=\"https:\/\/sv388top.vip\/wp-content\/uploads\/2025\/04\/sv388-dau-truong-da-ga.webp\" class=\"attachment-original size-original\" alt=\"\" srcset=\"https:\/\/sv388top.vip\/wp-content\/uploads\/2025\/04\/sv388-dau-truong-da-ga.webp 1400w, https:\/\/sv388top.vip\/wp-content\/uploads\/2025\/04\/sv388-dau-truong-da-ga-300x94.webp 300w, https:\/\/sv388top.vip\/wp-content\/uploads\/2025\/04\/sv388-dau-truong-da-ga-1024x320.webp 1024w, https:\/\/sv388top.vip\/wp-content\/uploads\/2025\/04\/sv388-dau-truong-da-ga-768x240.webp 768w\" sizes=\"auto, (max-width: 1400px) 100vw, 1400px\" \/>\t\t\t\t\t\t\n\t\t\t\t\t<\/div>\n\t\t\t\t\t\t\t\t\n<style>\n#image_1112651486 {\n  width: 100%;\n}\n<\/style>\n\t<\/div>\n\t\n\t<section class=\"section\" id=\"section_80450481\">\n\t\t<div class=\"bg section-bg fill bg-fill  bg-loaded\" >\n\n\t\t\t\n\t\t\t\n\t\t\t\n\n\t\t<\/div>\n\n\t\t\n\n\t\t<div class=\"section-content relative\">\n\t\t\t\n\t\t<\/div>\n\n\t\t\n<style>\n#section_80450481 {\n  padding-top: 30px;\n  padding-bottom: 30px;\n}\n#section_80450481 .ux-shape-divider--top svg {\n  height: 150px;\n  --divider-top-width: 100%;\n}\n#section_80450481 .ux-shape-divider--bottom svg {\n  height: 150px;\n  --divider-width: 100%;\n}\n<\/style>\n\t<\/section>\n\t\n\t<section class=\"section\" id=\"section_657611255\">\n\t\t<div class=\"bg section-bg fill bg-fill  bg-loaded\" >\n\n\t\t\t\n\t\t\t\n\t\t\t\n\n\t\t<\/div>\n\n\t\t\n\n\t\t<div class=\"section-content relative\">\n\t\t\t\n<div class=\"row\"  id=\"row-1593266827\">\n\n\t<div id=\"col-1416541210\" class=\"col small-12 large-12\"  >\n\t\t\t\t<div class=\"col-inner\"  >\n\t\t\t\n\t\t\t\n<h1 style=\"text-align: center;\">SV388 \u2013 Trang \u0110\u00e1 G\u00e0 Tr\u1ef1c Tuy\u1ebfn Uy T\u00edn H\u00e0ng \u0110\u1ea7u<\/h1>\n<h2>Gi\u1edbi Thi\u1ec7u SV388 \u2013 S\u00e2n Ch\u01a1i \u0110\u00e1 G\u00e0 H\u1ea5p D\u1eabn<\/h2>\n<p>SV388 l\u00e0 nh\u00e0 c\u00e1i h\u00e0ng \u0111\u1ea7u chuy\u00ean cung c\u1ea5p d\u1ecbch v\u1ee5 \u0111\u00e1 g\u00e0 tr\u1ef1c tuy\u1ebfn ch\u1ea5t l\u01b0\u1ee3ng cao. V\u1edbi h\u1ec7 th\u1ed1ng ph\u00e1t s\u00f3ng tr\u1ef1c ti\u1ebfp t\u1eeb c\u00e1c tr\u01b0\u1eddng g\u00e0 l\u1edbn t\u1ea1i Campuchia v\u00e0 Philippines, \u0111\u00e1 g\u00e0 SV388 mang \u0111\u1ebfn nh\u1eefng tr\u1eadn \u0111\u1ea5u k\u1ecbch t\u00ednh, h\u1ea5p d\u1eabn v\u00e0 minh b\u1ea1ch nh\u1ea5t.<\/p>\n<h2>T\u1ea1i Sao N\u00ean Ch\u1ecdn SV388?<\/h2>\n<h3>Ph\u00e1t Tr\u1ef1c Ti\u1ebfp \u0110\u00e1 G\u00e0 Ch\u1ea5t L\u01b0\u1ee3ng Cao<\/h3>\n<ul>\n<li>Tr\u1ea3i nghi\u1ec7m c\u00e1c tr\u1eadn \u0111\u1ea5u ch\u00e2n th\u1ef1c v\u1edbi h\u00ecnh \u1ea3nh s\u1eafc n\u00e9t, kh\u00f4ng gi\u1eadt lag.<\/li>\n<li>H\u1ec7 th\u1ed1ng camera \u0111a g\u00f3c quay gi\u00fap ng\u01b0\u1eddi ch\u01a1i quan s\u00e1t tr\u1eadn \u0111\u1ea5u d\u1ec5 d\u00e0ng.<\/li>\n<\/ul>\n<h3>\u0110a D\u1ea1ng Th\u1ec3 Lo\u1ea1i \u0110\u00e1 G\u00e0<\/h3>\n<ul>\n<li>\u0110\u00e1 g\u00e0 c\u1ef1a dao \u2013 K\u1ecbch t\u00ednh, t\u1ed1c \u0111\u1ed9 cao, ph\u00f9 h\u1ee3p v\u1edbi ng\u01b0\u1eddi th\u00edch tr\u1eadn \u0111\u1ea5u nhanh.<\/li>\n<li>\u0110\u00e1 g\u00e0 c\u1ef1a s\u1eaft \u2013 Th\u1eed th\u00e1ch s\u1ee9c m\u1ea1nh c\u1ee7a chi\u1ebfn k\u00ea v\u1edbi v\u0169 kh\u00ed s\u1eafc b\u00e9n.<\/li>\n<li>\u0110\u00e1 g\u00e0 truy\u1ec1n th\u1ed1ng \u2013 Gi\u1eef nguy\u00ean tinh th\u1ea7n c\u1ed5 \u0111i\u1ec3n c\u1ee7a m\u00f4n \u0111\u00e1 g\u00e0.<\/li>\n<\/ul>\n<h3>Giao Di\u1ec7n D\u1ec5 D\u00f9ng \u2013 H\u1ed7 Tr\u1ee3 \u0110a N\u1ec1n T\u1ea3ng<\/h3>\n<ul>\n<li>Ch\u01a1i ngay tr\u00ean \u0111i\u1ec7n tho\u1ea1i ho\u1eb7c m\u00e1y t\u00ednh m\u00e0 kh\u00f4ng c\u1ea7n t\u1ea3i \u1ee9ng d\u1ee5ng.<\/li>\n<li>Giao di\u1ec7n th\u00e2n thi\u1ec7n, h\u1ed7 tr\u1ee3 ti\u1ebfng Vi\u1ec7t \u0111\u1ea7y \u0111\u1ee7.<\/li>\n<li>T\u1ef7 L\u1ec7 C\u01b0\u1ee3c H\u1ea5p D\u1eabn \u2013 Thanh To\u00e1n Nhanh Ch\u00f3ng<\/li>\n<li>SV388 cung c\u1ea5p nhi\u1ec1u k\u00e8o c\u01b0\u1ee3c h\u1ea5p d\u1eabn v\u1edbi t\u1ef7 l\u1ec7 th\u1eafng cao.<\/li>\n<li>H\u1ec7 th\u1ed1ng thanh to\u00e1n an to\u00e0n, r\u00fat n\u1ea1p ti\u1ec1n nhanh ch\u00f3ng.<\/li>\n<li>B\u1ea3o M\u1eadt Tuy\u1ec7t \u0110\u1ed1i \u2013 H\u1ed7 Tr\u1ee3 24\/7<\/li>\n<li>C\u00f4ng ngh\u1ec7 b\u1ea3o m\u1eadt ti\u00ean ti\u1ebfn gi\u00fap b\u1ea3o v\u1ec7 th\u00f4ng tin kh\u00e1ch h\u00e0ng.<\/li>\n<\/ul>\n<h2>\u0110\u1ed9i ng\u0169 CSKH lu\u00f4n s\u1eb5n s\u00e0ng h\u1ed7 tr\u1ee3 gi\u1ea3i \u0111\u00e1p th\u1eafc m\u1eafc 24\/7.<\/h2>\n<p>H\u01b0\u1edbng D\u1eabn \u0110\u0103ng K\u00fd T\u00e0i Kho\u1ea3n SV388<br \/>Truy c\u1eadp trang ch\u1ee7 SV388.<\/p>\n<p>Nh\u1ea5n v\u00e0o n\u00fat \u0110\u0103ng k\u00fd v\u00e0 \u0111i\u1ec1n th\u00f4ng tin c\u00e1 nh\u00e2n.<\/p>\n<p>X\u00e1c nh\u1eadn t\u00e0i kho\u1ea3n qua email ho\u1eb7c s\u1ed1 \u0111i\u1ec7n tho\u1ea1i.<\/p>\n<p>N\u1ea1p ti\u1ec1n v\u00e0 b\u1eaft \u0111\u1ea7u tham gia c\u01b0\u1ee3c \u0111\u00e1 g\u00e0.<\/p>\n<h2>K\u1ebft Lu\u1eadn<\/h2>\n<p>SV388 l\u00e0 l\u1ef1a ch\u1ecdn h\u00e0ng \u0111\u1ea7u cho nh\u1eefng ai y\u00eau th\u00edch b\u1ed9 m\u00f4n \u0111\u00e1 g\u00e0 tr\u1ef1c tuy\u1ebfn. V\u1edbi h\u1ec7 th\u1ed1ng ph\u00e1t s\u00f3ng ch\u1ea5t l\u01b0\u1ee3ng cao, \u0111a d\u1ea1ng k\u00e8o c\u01b0\u1ee3c v\u00e0 b\u1ea3o m\u1eadt an to\u00e0n, \u0111\u00e1 g\u00e0 SV388 mang \u0111\u1ebfn tr\u1ea3i nghi\u1ec7m gi\u1ea3i tr\u00ed \u0111\u1ec9nh cao v\u00e0 c\u01a1 h\u1ed9i chi\u1ebfn th\u1eafng h\u1ea5p d\u1eabn.<\/p>\n<p>\ud83d\udc49 \u0110\u0103ng k\u00fd ngay t\u1ea1i SV388 \u0111\u1ec3 t\u1eadn h\u01b0\u1edfng nh\u1eefng tr\u1eadn \u0111\u1ea5u \u0111\u00e1 g\u00e0 \u0111\u1ec9nh cao!<\/p>\n\t\t<\/div>\n\t\t\t\t\t<\/div>\n\n\t\n<\/div>\n\n  \n    <div class=\"row large-columns-3 medium-columns-1 small-columns-1 slider row-slider slider-nav-simple slider-nav-push\"  data-flickity-options='{\"imagesLoaded\": true, \"groupCells\": \"100%\", \"dragThreshold\" : 5, \"cellAlign\": \"left\",\"wrapAround\": true,\"prevNextButtons\": true,\"percentPosition\": true,\"pageDots\": false, \"rightToLeft\": false, \"autoPlay\" : false}'>\n\n  <div class=\"col post-item\" >\n\t\t\t<div class=\"col-inner\">\n\t\t\t<a href=\"https:\/\/sv388top.vip\/index.php\/2025\/04\/03\/chao-moi-nguoi\/\" class=\"plain\">\n\t\t\t\t<div class=\"box box-normal box-text-bottom box-blog-post has-hover\">\n          \t\t\t\t\t<div class=\"box-text text-center\" >\n\t\t\t\t\t<div class=\"box-text-inner blog-post-inner\">\n\n\t\t\t\t\t\n\t\t\t\t\t\t\t\t\t\t<h5 class=\"post-title is-large \">Ch\u00e0o t\u1ea5t c\u1ea3 m\u1ecdi ng\u01b0\u1eddi!<\/h5>\n\t\t\t\t\t\t\t\t\t\t<div class=\"is-divider\"><\/div>\n\t\t\t\t\t\t\t\t\t\t<p class=\"from_the_blog_excerpt \">C\u1ea3m \u01a1n v\u00ec \u0111\u00e3 s\u1eed d\u1ee5ng WordPress. \u0110\u00e2y l\u00e0 b\u00e0i vi\u1ebft \u0111\u1ea7u ti\u00ean c\u1ee7a b\u1ea1n....\t\t\t\t\t<\/p>\n\t\t\t\t\t                    \n\t\t\t\t\t\n\t\t\t\t\t\n\t\t\t\t\t<\/div>\n\t\t\t\t\t<\/div>\n\t\t\t\t\t\t\t\t\t<\/div>\n\t\t\t\t<\/a>\n\t\t\t<\/div>\n\t\t<\/div><\/div>\n\t\t<\/div>\n\n\t\t\n<style>\n#section_657611255 {\n  padding-top: 30px;\n  padding-bottom: 30px;\n}\n#section_657611255 .ux-shape-divider--top svg {\n  height: 150px;\n  --divider-top-width: 100%;\n}\n#section_657611255 .ux-shape-divider--bottom svg {\n  height: 150px;\n  --divider-width: 100%;\n}\n<\/style>\n\t<\/section>\n\t\n","protected":false},"excerpt":{"rendered":"","protected":false},"author":1,"featured_media":0,"parent":0,"menu_order":0,"comment_status":"closed","ping_status":"open","template":"page-blank.php","meta":{"footnotes":""},"class_list":["post-2","page","type-page","status-publish","hentry"],"_links":{"self":[{"href":"https:\/\/sv388top.vip\/index.php\/wp-json\/wp\/v2\/pages\/2","targetHints":{"allow":["GET"]}}],"collection":[{"href":"https:\/\/sv388top.vip\/index.php\/wp-json\/wp\/v2\/pages"}],"about":[{"href":"https:\/\/sv388top.vip\/index.php\/wp-json\/wp\/v2\/types\/page"}],"author":[{"embeddable":true,"href":"https:\/\/sv388top.vip\/index.php\/wp-json\/wp\/v2\/users\/1"}],"replies":[{"embeddable":true,"href":"https:\/\/sv388top.vip\/index.php\/wp-json\/wp\/v2\/comments?post=2"}],"version-history":[{"count":8,"href":"https:\/\/sv388top.vip\/index.php\/wp-json\/wp\/v2\/pages\/2\/revisions"}],"predecessor-version":[{"id":34,"href":"https:\/\/sv388top.vip\/index.php\/wp-json\/wp\/v2\/pages\/2\/revisions\/34"}],"wp:attachment":[{"href":"https:\/\/sv388top.vip\/index.php\/wp-json\/wp\/v2\/media?parent=2"}],"curies":[{"name":"wp","href":"https:\/\/api.w.org\/{rel}","templated":true}]}}